{"id":25420,"date":"2026-02-26T23:13:13","date_gmt":"2026-02-26T23:13:13","guid":{"rendered":"https:\/\/marcasynombres.multiplikate.com\/?page_id=25420"},"modified":"2026-04-08T12:17:42","modified_gmt":"2026-04-08T12:17:42","slug":"dominios","status":"publish","type":"page","link":"https:\/\/marcasynombres.multiplikate.com\/?page_id=25420","title":{"rendered":"Dominios"},"content":{"rendered":"<p>[et_pb_section fb_built=\u00bb1&#8243; custom_padding_last_edited=\u00bbon|desktop\u00bb _builder_version=\u00bb4.27.4&#8243; _module_preset=\u00bbdefault\u00bb background_image=\u00bbhttps:\/\/marcasynombres.multiplikate.com\/wp-content\/uploads\/2026\/02\/559.jpg\u00bb background_enable_video_mp4=\u00bboff\u00bb background_video_width=\u00bb3000&#8243; background_video_height=\u00bb3000&#8243; custom_padding=\u00bb160px||160px||true|false\u00bb custom_padding_tablet=\u00bb160px||160px||true|false\u00bb custom_padding_phone=\u00bb55px||55px||true|false\u00bb global_colors_info=\u00bb{}\u00bb][et_pb_row _builder_version=\u00bb4.27.4&#8243; _module_preset=\u00bbdefault\u00bb width=\u00bb90%\u00bb max_width=\u00bb1144px\u00bb custom_margin=\u00bb0px|auto|35px|auto|false|false\u00bb custom_padding=\u00bb0px||0px||false|false\u00bb animation_style=\u00bbzoom\u00bb animation_delay=\u00bb500ms\u00bb animation_speed_curve=\u00bbease\u00bb global_colors_info=\u00bb{}\u00bb][et_pb_column type=\u00bb4_4&#8243; _builder_version=\u00bb4.23.1&#8243; _module_preset=\u00bbdefault\u00bb global_colors_info=\u00bb{}\u00bb][et_pb_text _builder_version=\u00bb4.27.4&#8243; _module_preset=\u00bbdefault\u00bb header_4_font=\u00bbAlbert Sans|700|||||||\u00bb header_4_text_align=\u00bbcenter\u00bb header_4_text_color=\u00bb#ff3131&#8243; header_4_letter_spacing=\u00bb2px\u00bb header_4_line_height=\u00bb1.2em\u00bb custom_margin=\u00bb0px||-3px||false|false\u00bb custom_padding=\u00bb0px||0px||false|false\u00bb header_4_text_shadow_style=\u00bbpreset2&#8243; header_4_text_shadow_color=\u00bb#000000&#8243; global_colors_info=\u00bb{}\u00bb]<\/p>\n<h4>MARCAS Y NOMBRES<\/h4>\n<p>[\/et_pb_text][et_pb_text _builder_version=\u00bb4.27.4&#8243; _module_preset=\u00bbdefault\u00bb header_2_font=\u00bbAlbert Sans|700|||||||\u00bb header_2_text_align=\u00bbcenter\u00bb header_2_text_color=\u00bb#ff3131&#8243; header_2_font_size=\u00bb40px\u00bb header_2_letter_spacing=\u00bb1px\u00bb header_2_line_height=\u00bb1.28em\u00bb custom_margin=\u00bb0px||5px||false|false\u00bb custom_padding=\u00bb0px||0px||false|false\u00bb header_2_font_size_tablet=\u00bb37px\u00bb header_2_font_size_phone=\u00bb28px\u00bb header_2_font_size_last_edited=\u00bbon|phone\u00bb header_2_text_shadow_style=\u00bbpreset2&#8243; header_2_text_shadow_color=\u00bb#000000&#8243; global_colors_info=\u00bb{}\u00bb]<\/p>\n<h2>ESCOGE UNA DE NUESTROS DOMINIOS<\/h2>\n<p>[\/et_pb_text][et_pb_divider color=\u00bb#ff3131&#8243; divider_weight=\u00bb3px\u00bb _builder_version=\u00bb4.27.4&#8243; _module_preset=\u00bbdefault\u00bb max_width=\u00bb100px\u00bb module_alignment=\u00bbcenter\u00bb max_height=\u00bb3px\u00bb custom_margin=\u00bb0px||30px||false|false\u00bb custom_padding=\u00bb0px||0px||false|false\u00bb global_colors_info=\u00bb{}\u00bb][\/et_pb_divider][et_pb_text _builder_version=\u00bb4.27.4&#8243; _module_preset=\u00bbdefault\u00bb text_font=\u00bbPlus Jakarta Sans||||||||\u00bb text_text_color=\u00bb#FFFFFF\u00bb text_font_size=\u00bb21px\u00bb text_line_height=\u00bb1.4em\u00bb background_color=\u00bbrgba(0,0,0,0.5)\u00bb text_orientation=\u00bbcenter\u00bb width=\u00bb60%\u00bb width_tablet=\u00bb80%\u00bb width_phone=\u00bb80%\u00bb width_last_edited=\u00bbon|phone\u00bb module_alignment=\u00bbcenter\u00bb custom_margin=\u00bb0px||0px||false|false\u00bb custom_padding=\u00bb5px|5px|5px|5px|true|true\u00bb text_font_size_tablet=\u00bb19px\u00bb text_font_size_phone=\u00bb16px\u00bb text_font_size_last_edited=\u00bbon|phone\u00bb text_text_shadow_style=\u00bbpreset2&#8243; text_text_shadow_color=\u00bb#000000&#8243; global_colors_info=\u00bb{}\u00bb]<\/p>\n<p data-start=\"2827\" data-end=\"2988\" style=\"text-align: center;\">Seleccionamos dominios con visi\u00f3n estrat\u00e9gica para convertirlos en oportunidades reales de negocio.<\/p>\n<p>[\/et_pb_text][\/et_pb_column][\/et_pb_row][\/et_pb_section][et_pb_section fb_built=\u00bb1&#8243; custom_padding_last_edited=\u00bbon|phone\u00bb _builder_version=\u00bb4.27.4&#8243; _module_preset=\u00bbdefault\u00bb background_enable_image=\u00bboff\u00bb background_size=\u00bbinitial\u00bb background_position=\u00bbbottom_right\u00bb custom_margin=\u00bb1px||0px||false|false\u00bb custom_padding=\u00bb60px||50px||false|false\u00bb custom_padding_tablet=\u00bb120px||120px||false|false\u00bb custom_padding_phone=\u00bb30px||30px||true|false\u00bb background_last_edited=\u00bbon|tablet\u00bb background_enable_image_tablet=\u00bboff\u00bb global_colors_info=\u00bb{}\u00bb][et_pb_row column_structure=\u00bb1_2,1_2&#8243; use_custom_gutter=\u00bbon\u00bb gutter_width=\u00bb1&#8243; make_equal=\u00bbon\u00bb module_class=\u00bbclinic-12-inlbtn-sc\u00bb _builder_version=\u00bb4.27.4&#8243; _module_preset=\u00bbdefault\u00bb width=\u00bb90%\u00bb max_width=\u00bb1320px\u00bb custom_margin=\u00bb0px||0px||false|false\u00bb custom_padding=\u00bb0px||0px||false|false\u00bb animation_style=\u00bbzoom\u00bb global_colors_info=\u00bb{}\u00bb][et_pb_column type=\u00bb1_2&#8243; _builder_version=\u00bb4.27.4&#8243; _module_preset=\u00bbdefault\u00bb custom_padding=\u00bb|15px|||false|false\u00bb custom_padding_tablet=\u00bb|0px|||false|false\u00bb custom_padding_phone=\u00bb|0px|||false|false\u00bb custom_padding_last_edited=\u00bbon|tablet\u00bb global_colors_info=\u00bb{}\u00bb][et_pb_image src=\u00bbhttps:\/\/marcasynombres.multiplikate.com\/wp-content\/uploads\/2026\/02\/1.png\u00bb title_text=\u00bb1&#8243; _builder_version=\u00bb4.27.4&#8243; _module_preset=\u00bbdefault\u00bb width=\u00bb60%\u00bb max_width=\u00bb510px\u00bb max_width_tablet=\u00bb510px\u00bb max_width_phone=\u00bb80%\u00bb max_width_last_edited=\u00bbon|tablet\u00bb module_alignment=\u00bbcenter\u00bb custom_margin=\u00bb13px||0px||false|false\u00bb custom_padding=\u00bb0px||0px||false|false\u00bb border_width_all=\u00bb13px\u00bb border_color_all=\u00bb#ff3131&#8243; box_shadow_style=\u00bbpreset2&#8243; global_colors_info=\u00bb{}\u00bb custom_css_before_last_edited=\u00bbon|phone\u00bb custom_css_before_phone=\u00bbdisplay:none;\u00bb custom_css_before_tablet=\u00bbcontent:%22%22;||position: absolute;||    width: 360px;||    height: 496px;||    border: 10px solid #f7c8b1;||    bottom: -20px;||    z-index: -1;||    right: -31px;\u00bb][\/et_pb_image][\/et_pb_column][et_pb_column type=\u00bb1_2&#8243; _builder_version=\u00bb4.27.4&#8243; _module_preset=\u00bbdefault\u00bb custom_padding=\u00bb|||50px|false|false\u00bb custom_padding_tablet=\u00bb60px|||0px|false|false\u00bb custom_padding_phone=\u00bb55px|||0px|false|false\u00bb custom_padding_last_edited=\u00bbon|tablet\u00bb animation_style=\u00bbslide\u00bb animation_direction=\u00bbbottom\u00bb animation_intensity_slide=\u00bb3%\u00bb animation_speed_curve=\u00bbease\u00bb custom_css_main_element=\u00bbmargin:auto;\u00bb global_colors_info=\u00bb{}\u00bb][et_pb_text _builder_version=\u00bb4.27.4&#8243; _module_preset=\u00bbdefault\u00bb header_4_font=\u00bbAlbert Sans||||||||\u00bb header_4_text_align=\u00bbcenter\u00bb header_4_text_color=\u00bb#666666&#8243; header_4_font_size=\u00bb14px\u00bb header_4_letter_spacing=\u00bb2px\u00bb header_4_line_height=\u00bb1.2em\u00bb custom_margin=\u00bb0px||-3px||false|false\u00bb custom_padding=\u00bb0px||0px||false|false\u00bb global_colors_info=\u00bb{}\u00bb]<\/p>\n<h4>EL DOMINIO PERFECTO<\/h4>\n<p>[\/et_pb_text][et_pb_text _builder_version=\u00bb4.27.4&#8243; _module_preset=\u00bbdefault\u00bb header_2_font=\u00bbAlbert Sans|700|||||||\u00bb header_2_text_align=\u00bbcenter\u00bb header_2_text_color=\u00bb#18212e\u00bb header_2_font_size=\u00bb37px\u00bb header_2_letter_spacing=\u00bb1px\u00bb header_2_line_height=\u00bb1.28em\u00bb custom_margin=\u00bb0px||5px||false|false\u00bb custom_padding=\u00bb0px||0px||false|false\u00bb header_2_font_size_tablet=\u00bb37px\u00bb header_2_font_size_phone=\u00bb28px\u00bb header_2_font_size_last_edited=\u00bbon|phone\u00bb global_colors_info=\u00bb{}\u00bb]<\/p>\n<h2>Dominios Estrat\u00e9gicos Disponibles<\/h2>\n<p>[\/et_pb_text][et_pb_divider color=\u00bb#ff3131&#8243; divider_weight=\u00bb3px\u00bb _builder_version=\u00bb4.27.4&#8243; _module_preset=\u00bbdefault\u00bb max_width=\u00bb100px\u00bb module_alignment=\u00bbcenter\u00bb max_height=\u00bb3px\u00bb custom_margin=\u00bb0px||30px||false|false\u00bb custom_padding=\u00bb0px||0px||false|false\u00bb global_colors_info=\u00bb{}\u00bb][\/et_pb_divider][et_pb_text _builder_version=\u00bb4.27.4&#8243; _module_preset=\u00bbdefault\u00bb text_font=\u00bbPlus Jakarta Sans||||||||\u00bb text_text_color=\u00bb#666666&#8243; text_font_size=\u00bb17px\u00bb text_line_height=\u00bb1.6em\u00bb text_orientation=\u00bbcenter\u00bb custom_margin=\u00bb0px||0px||false|false\u00bb custom_padding=\u00bb0px||0px||false|false\u00bb global_colors_info=\u00bb{}\u00bb]<\/p>\n<p data-start=\"2827\" data-end=\"2988\" style=\"text-align: justify;\">Disponemos de m\u00e1s de 200 dominios cuidadosamente seleccionados por su potencial comercial, claridad, memorabilidad y posicionamiento digital. Analizamos tendencias, sectores en crecimiento y posibilidades de marca antes de incorporarlos a nuestro cat\u00e1logo. No acumulamos nombres al azar: elegimos activos con capacidad real de desarrollo. Cada dominio est\u00e1 pensado para facilitar branding, SEO y expansi\u00f3n futura, permiti\u00e9ndote empezar con ventaja competitiva desde el primer d\u00eda.<\/p>\n<p>[\/et_pb_text][et_pb_code admin_label=\u00bbblurm img border fix\u00bb _builder_version=\u00bb4.23.1&#8243; _module_preset=\u00bbdefault\u00bb custom_margin=\u00bb0px||14px||false|false\u00bb custom_padding=\u00bb0px||0px||false|false\u00bb global_colors_info=\u00bb{}\u00bb][\/et_pb_code][et_pb_code admin_label=\u00bbinline-button code\u00bb _builder_version=\u00bb4.23.1&#8243; _module_preset=\u00bbdefault\u00bb custom_margin=\u00bb0px||0px||false|false\u00bb custom_padding=\u00bb0px||0px||false|false\u00bb global_colors_info=\u00bb{}\u00bb]<\/p>\n<style><!-- [et_pb_line_break_holder] -->  .clinic-12-inlbtn-sc<!-- [et_pb_line_break_holder] -->.et_pb_button_module_wrapper {<!-- [et_pb_line_break_holder] -->display: inline-block;<!-- [et_pb_line_break_holder] --><!-- [et_pb_line_break_holder] -->}<!-- [et_pb_line_break_holder] --><!-- [et_pb_line_break_holder] --><\/style>\n<p>[\/et_pb_code][\/et_pb_column][\/et_pb_row][\/et_pb_section][et_pb_section fb_built=\u00bb1&#8243; _builder_version=\u00bb4.27.4&#8243; _module_preset=\u00bbdefault\u00bb background_color=\u00bb#f2f2f2&#8243; custom_margin=\u00bb0px||0px||false|false\u00bb custom_padding=\u00bb50px||48px||false|false\u00bb locked=\u00bboff\u00bb global_colors_info=\u00bb{}\u00bb][et_pb_row _builder_version=\u00bb4.27.4&#8243; _module_preset=\u00bbdefault\u00bb width=\u00bb90%\u00bb max_width=\u00bb750px\u00bb custom_margin=\u00bb0px|auto|3px|auto|false|false\u00bb custom_padding=\u00bb0px||0px||false|false\u00bb animation_style=\u00bbzoom\u00bb animation_delay=\u00bb500ms\u00bb animation_speed_curve=\u00bbease\u00bb global_colors_info=\u00bb{}\u00bb][et_pb_column type=\u00bb4_4&#8243; _builder_version=\u00bb4.23.1&#8243; _module_preset=\u00bbdefault\u00bb global_colors_info=\u00bb{}\u00bb][et_pb_text _builder_version=\u00bb4.27.4&#8243; _module_preset=\u00bbdefault\u00bb header_4_font=\u00bbAlbert Sans||||||||\u00bb header_4_text_align=\u00bbcenter\u00bb header_4_text_color=\u00bb#666666&#8243; header_4_font_size=\u00bb14px\u00bb header_4_letter_spacing=\u00bb2px\u00bb header_4_line_height=\u00bb1.2em\u00bb custom_margin=\u00bb0px||-3px||false|false\u00bb custom_padding=\u00bb0px||0px||false|false\u00bb global_colors_info=\u00bb{}\u00bb]<\/p>\n<h4>ADAPTADOS A TI<\/h4>\n<p>[\/et_pb_text][et_pb_text _builder_version=\u00bb4.27.4&#8243; _module_preset=\u00bbdefault\u00bb header_2_font=\u00bbAlbert Sans|700|||||||\u00bb header_2_text_align=\u00bbcenter\u00bb header_2_text_color=\u00bb#18212e\u00bb header_2_font_size=\u00bb37px\u00bb header_2_letter_spacing=\u00bb1px\u00bb header_2_line_height=\u00bb1.28em\u00bb custom_margin=\u00bb0px||5px||false|false\u00bb custom_padding=\u00bb0px||0px||false|false\u00bb header_2_font_size_tablet=\u00bb37px\u00bb header_2_font_size_phone=\u00bb28px\u00bb header_2_font_size_last_edited=\u00bbon|phone\u00bb global_colors_info=\u00bb{}\u00bb]<\/p>\n<h2>Nuestros Dominios<\/h2>\n<p>[\/et_pb_text][et_pb_divider color=\u00bb#ff3131&#8243; divider_weight=\u00bb3px\u00bb _builder_version=\u00bb4.27.4&#8243; _module_preset=\u00bbdefault\u00bb max_width=\u00bb100px\u00bb module_alignment=\u00bbcenter\u00bb max_height=\u00bb3px\u00bb custom_margin=\u00bb0px||30px||false|false\u00bb custom_padding=\u00bb0px||0px||false|false\u00bb global_colors_info=\u00bb{}\u00bb][\/et_pb_divider][\/et_pb_column][\/et_pb_row][et_pb_row _builder_version=\u00bb4.27.6&#8243; _module_preset=\u00bbdefault\u00bb width=\u00bb75%\u00bb max_width=\u00bb2560px\u00bb custom_padding=\u00bb||0px|||\u00bb global_colors_info=\u00bb{}\u00bb][et_pb_column type=\u00bb4_4&#8243; _builder_version=\u00bb4.27.6&#8243; _module_preset=\u00bbdefault\u00bb global_colors_info=\u00bb{}\u00bb][et_pb_shop type=\u00bbproduct_category\u00bb posts_number=\u00bb8&#8243; _builder_version=\u00bb4.27.6&#8243; _module_preset=\u00bbdefault\u00bb title_font=\u00bb&#8211;et_global_heading_font|600|||||||\u00bb title_text_align=\u00bbcenter\u00bb title_font_size=\u00bb18px\u00bb price_text_align=\u00bbcenter\u00bb price_text_color=\u00bb#ff3131&#8243; price_font_size=\u00bb16px\u00bb hover_enabled=\u00bb0&#8243; border_width_all_image=\u00bb2px\u00bb border_color_all_image=\u00bb#ff3131&#8243; global_colors_info=\u00bb{}\u00bb animation_style=\u00bbslide\u00bb animation_direction=\u00bbleft\u00bb sticky_enabled=\u00bb0&#8243;][\/et_pb_shop][\/et_pb_column][\/et_pb_row][et_pb_row _builder_version=\u00bb4.27.4&#8243; _module_preset=\u00bbdefault\u00bb custom_padding=\u00bb11px|||||\u00bb global_colors_info=\u00bb{}\u00bb][et_pb_column type=\u00bb4_4&#8243; _builder_version=\u00bb4.27.4&#8243; _module_preset=\u00bbdefault\u00bb global_colors_info=\u00bb{}\u00bb][et_pb_button button_url=\u00bbhttps:\/\/marcasynombres.multiplikate.com\/?product_cat=dominios\u00bb button_text=\u00bbTodos los dominios\u00bb button_alignment=\u00bbcenter\u00bb _builder_version=\u00bb4.27.6&#8243; _module_preset=\u00bbdefault\u00bb custom_button=\u00bbon\u00bb button_text_size=\u00bb12px\u00bb button_text_color=\u00bb#18212e\u00bb button_bg_color=\u00bb#FFFFFF\u00bb button_border_radius=\u00bb0px\u00bb button_letter_spacing=\u00bb2px\u00bb button_font=\u00bbPlus Jakarta Sans|600||on|||||\u00bb button_use_icon=\u00bboff\u00bb custom_margin=\u00bb0px||0px||false|false\u00bb custom_margin_tablet=\u00bb0px||80px||false|false\u00bb custom_margin_phone=\u00bb0px||11px||false|false\u00bb custom_margin_last_edited=\u00bbon|tablet\u00bb custom_padding=\u00bb18px|45px|18px|45px|false|false\u00bb animation_style=\u00bbzoom\u00bb locked=\u00bboff\u00bb global_colors_info=\u00bb{}\u00bb button_bg_color__hover_enabled=\u00bbon|hover\u00bb button_bg_color__hover=\u00bb#18212e\u00bb button_bg_enable_color__hover=\u00bbon\u00bb button_text_color__hover_enabled=\u00bbon|desktop\u00bb button_text_color__hover=\u00bb#FFFFFF\u00bb][\/et_pb_button][\/et_pb_column][\/et_pb_row][\/et_pb_section]<\/p>\n","protected":false},"excerpt":{"rendered":"<p>MARCAS Y NOMBRESESCOGE UNA DE NUESTROS DOMINIOSSeleccionamos dominios con visi\u00f3n estrat\u00e9gica para convertirlos en oportunidades reales de negocio.EL DOMINIO PERFECTODominios Estrat\u00e9gicos DisponiblesDisponemos de m\u00e1s de 200 dominios cuidadosamente seleccionados por su potencial comercial, claridad, memorabilidad y posicionamiento digital. Analizamos tendencias, sectores en crecimiento y posibilidades de marca antes de incorporarlos a nuestro cat\u00e1logo. No acumulamos [&hellip;]<\/p>\n","protected":false},"author":1,"featured_media":0,"parent":0,"menu_order":0,"comment_status":"closed","ping_status":"closed","template":"","meta":{"_et_pb_use_builder":"on","_et_pb_old_content":"","_et_gb_content_width":"","footnotes":""},"class_list":["post-25420","page","type-page","status-publish","hentry"],"_links":{"self":[{"href":"https:\/\/marcasynombres.multiplikate.com\/index.php?rest_route=\/wp\/v2\/pages\/25420","targetHints":{"allow":["GET"]}}],"collection":[{"href":"https:\/\/marcasynombres.multiplikate.com\/index.php?rest_route=\/wp\/v2\/pages"}],"about":[{"href":"https:\/\/marcasynombres.multiplikate.com\/index.php?rest_route=\/wp\/v2\/types\/page"}],"author":[{"embeddable":true,"href":"https:\/\/marcasynombres.multiplikate.com\/index.php?rest_route=\/wp\/v2\/users\/1"}],"replies":[{"embeddable":true,"href":"https:\/\/marcasynombres.multiplikate.com\/index.php?rest_route=%2Fwp%2Fv2%2Fcomments&post=25420"}],"version-history":[{"count":12,"href":"https:\/\/marcasynombres.multiplikate.com\/index.php?rest_route=\/wp\/v2\/pages\/25420\/revisions"}],"predecessor-version":[{"id":25739,"href":"https:\/\/marcasynombres.multiplikate.com\/index.php?rest_route=\/wp\/v2\/pages\/25420\/revisions\/25739"}],"wp:attachment":[{"href":"https:\/\/marcasynombres.multiplikate.com\/index.php?rest_route=%2Fwp%2Fv2%2Fmedia&parent=25420"}],"curies":[{"name":"wp","href":"https:\/\/api.w.org\/{rel}","templated":true}]}}